{"id":2286,"date":"2025-05-27T12:01:48","date_gmt":"2025-05-27T10:01:48","guid":{"rendered":"https:\/\/toplavanderia.com\/?page_id=2286"},"modified":"2026-01-28T09:12:20","modified_gmt":"2026-01-28T08:12:20","slug":"inici","status":"publish","type":"page","link":"https:\/\/toplavanderia.com\/ca\/","title":{"rendered":"Inici"},"content":{"rendered":"\t\t<div data-elementor-type=\"wp-page\" data-elementor-id=\"2286\" class=\"elementor elementor-2286 elementor-26\" data-elementor-post-type=\"page\">\n\t\t\t\t<div class=\"elementor-element elementor-element-398d9b3 e-con-full e-flex e-con e-parent\" data-id=\"398d9b3\" data-element_type=\"container\" data-settings=\"{&quot;shape_divider_bottom&quot;:&quot;wave-brush&quot;}\">\n\t\t\t\t<div class=\"elementor-shape elementor-shape-bottom\" aria-hidden=\"true\" data-negative=\"false\">\n\t\t\t<svg xmlns=\"http:\/\/www.w3.org\/2000\/svg\" viewBox=\"0 0 283.5 27.8\" preserveAspectRatio=\"none\">\n\t<path class=\"elementor-shape-fill\" d=\"M283.5,9.7c0,0-7.3,4.3-14,4.6c-6.8,0.3-12.6,0-20.9-1.5c-11.3-2-33.1-10.1-44.7-5.7\ts-12.1,4.6-18,7.4c-6.6,3.2-20,9.6-36.6,9.3C131.6,23.5,99.5,7.2,86.3,8c-1.4,0.1-6.6,0.8-10.5,2c-3.8,1.2-9.4,3.8-17,4.7\tc-3.2,0.4-8.3,1.1-14.2,0.9c-1.5-0.1-6.3-0.4-12-1.6c-5.7-1.2-11-3.1-15.8-3.7C6.5,9.2,0,10.8,0,10.8V0h283.5V9.7z M260.8,11.3\tc-0.7-1-2-0.4-4.3-0.4c-2.3,0-6.1-1.2-5.8-1.1c0.3,0.1,3.1,1.5,6,1.9C259.7,12.2,261.4,12.3,260.8,11.3z M242.4,8.6\tc0,0-2.4-0.2-5.6-0.9c-3.2-0.8-10.3-2.8-15.1-3.5c-8.2-1.1-15.8,0-15.1,0.1c0.8,0.1,9.6-0.6,17.6,1.1c3.3,0.7,9.3,2.2,12.4,2.7\tC239.9,8.7,242.4,8.6,242.4,8.6z M185.2,8.5c1.7-0.7-13.3,4.7-18.5,6.1c-2.1,0.6-6.2,1.6-10,2c-3.9,0.4-8.9,0.4-8.8,0.5\tc0,0.2,5.8,0.8,11.2,0c5.4-0.8,5.2-1.1,7.6-1.6C170.5,14.7,183.5,9.2,185.2,8.5z M199.1,6.9c0.2,0-0.8-0.4-4.8,1.1\tc-4,1.5-6.7,3.5-6.9,3.7c-0.2,0.1,3.5-1.8,6.6-3C197,7.5,199,6.9,199.1,6.9z M283,6c-0.1,0.1-1.9,1.1-4.8,2.5s-6.9,2.8-6.7,2.7\tc0.2,0,3.5-0.6,7.4-2.5C282.8,6.8,283.1,5.9,283,6z M31.3,11.6c0.1-0.2-1.9-0.2-4.5-1.2s-5.4-1.6-7.8-2C15,7.6,7.3,8.5,7.7,8.6\tC8,8.7,15.9,8.3,20.2,9.3c2.2,0.5,2.4,0.5,5.7,1.6S31.2,11.9,31.3,11.6z M73,9.2c0.4-0.1,3.5-1.6,8.4-2.6c4.9-1.1,8.9-0.5,8.9-0.8\tc0-0.3-1-0.9-6.2-0.3S72.6,9.3,73,9.2z M71.6,6.7C71.8,6.8,75,5.4,77.3,5c2.3-0.3,1.9-0.5,1.9-0.6c0-0.1-1.1-0.2-2.7,0.2\tC74.8,5.1,71.4,6.6,71.6,6.7z M93.6,4.4c0.1,0.2,3.5,0.8,5.6,1.8c2.1,1,1.8,0.6,1.9,0.5c0.1-0.1-0.8-0.8-2.4-1.3\tC97.1,4.8,93.5,4.2,93.6,4.4z M65.4,11.1c-0.1,0.3,0.3,0.5,1.9-0.2s2.6-1.3,2.2-1.2s-0.9,0.4-2.5,0.8C65.3,10.9,65.5,10.8,65.4,11.1\tz M34.5,12.4c-0.2,0,2.1,0.8,3.3,0.9c1.2,0.1,2,0.1,2-0.2c0-0.3-0.1-0.5-1.6-0.4C36.6,12.8,34.7,12.4,34.5,12.4z M152.2,21.1\tc-0.1,0.1-2.4-0.3-7.5-0.3c-5,0-13.6-2.4-17.2-3.5c-3.6-1.1,10,3.9,16.5,4.1C150.5,21.6,152.3,21,152.2,21.1z\"\/>\n\t<path class=\"elementor-shape-fill\" d=\"M269.6,18c-0.1-0.1-4.6,0.3-7.2,0c-7.3-0.7-17-3.2-16.6-2.9c0.4,0.3,13.7,3.1,17,3.3\tC267.7,18.8,269.7,18,269.6,18z\"\/>\n\t<path class=\"elementor-shape-fill\" d=\"M227.4,9.8c-0.2-0.1-4.5-1-9.5-1.2c-5-0.2-12.7,0.6-12.3,0.5c0.3-0.1,5.9-1.8,13.3-1.2\tS227.6,9.9,227.4,9.8z\"\/>\n\t<path class=\"elementor-shape-fill\" d=\"M204.5,13.4c-0.1-0.1,2-1,3.2-1.1c1.2-0.1,2,0,2,0.3c0,0.3-0.1,0.5-1.6,0.4\tC206.4,12.9,204.6,13.5,204.5,13.4z\"\/>\n\t<path class=\"elementor-shape-fill\" d=\"M201,10.6c0-0.1-4.4,1.2-6.3,2.2c-1.9,0.9-6.2,3.1-6.1,3.1c0.1,0.1,4.2-1.6,6.3-2.6\tS201,10.7,201,10.6z\"\/>\n\t<path class=\"elementor-shape-fill\" d=\"M154.5,26.7c-0.1-0.1-4.6,0.3-7.2,0c-7.3-0.7-17-3.2-16.6-2.9c0.4,0.3,13.7,3.1,17,3.3\tC152.6,27.5,154.6,26.8,154.5,26.7z\"\/>\n\t<path class=\"elementor-shape-fill\" d=\"M41.9,19.3c0,0,1.2-0.3,2.9-0.1c1.7,0.2,5.8,0.9,8.2,0.7c4.2-0.4,7.4-2.7,7-2.6\tc-0.4,0-4.3,2.2-8.6,1.9c-1.8-0.1-5.1-0.5-6.7-0.4S41.9,19.3,41.9,19.3z\"\/>\n\t<path class=\"elementor-shape-fill\" d=\"M75.5,12.6c0.2,0.1,2-0.8,4.3-1.1c2.3-0.2,2.1-0.3,2.1-0.5c0-0.1-1.8-0.4-3.4,0\tC76.9,11.5,75.3,12.5,75.5,12.6z\"\/>\n\t<path class=\"elementor-shape-fill\" d=\"M15.6,13.2c0-0.1,4.3,0,6.7,0.5c2.4,0.5,5,1.9,5,2c0,0.1-2.7-0.8-5.1-1.4\tC19.9,13.7,15.7,13.3,15.6,13.2z\"\/>\n<\/svg>\t\t<\/div>\n\t\t\t\t<div class=\"elementor-element elementor-element-26b621a elementor--h-position-center elementor-widget elementor-widget-slides\" data-id=\"26b621a\" data-element_type=\"widget\" data-settings=\"{&quot;navigation&quot;:&quot;none&quot;,&quot;autoplay&quot;:&quot;yes&quot;,&quot;pause_on_hover&quot;:&quot;yes&quot;,&quot;pause_on_interaction&quot;:&quot;yes&quot;,&quot;autoplay_speed&quot;:5000,&quot;infinite&quot;:&quot;yes&quot;,&quot;transition&quot;:&quot;slide&quot;,&quot;transition_speed&quot;:500}\" data-widget_type=\"slides.default\">\n\t\t\t\t<div class=\"elementor-widget-container\">\n\t\t\t\t\t\t\t\t\t<div class=\"elementor-swiper\">\n\t\t\t\t\t<div class=\"elementor-slides-wrapper elementor-main-swiper swiper\" role=\"region\" aria-roledescription=\"carousel\" aria-label=\"Slides\" dir=\"ltr\" data-animation=\"fadeInLeft\">\n\t\t\t\t<div class=\"swiper-wrapper elementor-slides\">\n\t\t\t\t\t\t\t\t\t\t<div class=\"elementor-repeater-item-b3c374b swiper-slide\" role=\"group\" aria-roledescription=\"slide\"><div class=\"swiper-slide-bg\" role=\"img\" aria-label=\"contact\"><\/div><div class=\"elementor-background-overlay\"><\/div><div class=\"swiper-slide-inner\" ><div class=\"swiper-slide-contents\"><div class=\"elementor-slide-heading\">TOP LAVANDERIA<\/div><\/div><\/div><\/div>\t\t\t\t<\/div>\n\t\t\t\t\t\t\t<\/div>\n\t\t\t\t<\/div>\n\t\t\t\t\t\t\t\t<\/div>\n\t\t\t\t<\/div>\n\t\t\t\t<\/div>\n\t\t<div class=\"elementor-element elementor-element-fe2c4ff e-flex e-con-boxed e-con e-parent\" data-id=\"fe2c4ff\" data-element_type=\"container\">\n\t\t\t\t\t<div class=\"e-con-inner\">\n\t\t<div class=\"elementor-element elementor-element-23a3916 e-con-full e-flex e-con e-child\" data-id=\"23a3916\" data-element_type=\"container\">\n\t\t\t\t<div class=\"elementor-element elementor-element-6dd5756 elementor-widget elementor-widget-image\" data-id=\"6dd5756\" data-element_type=\"widget\" data-widget_type=\"image.default\">\n\t\t\t\t<div class=\"elementor-widget-container\">\n\t\t\t\t\t\t\t\t\t\t\t\t\t\t\t<img fetchpriority=\"high\" decoding=\"async\" width=\"529\" height=\"608\" src=\"https:\/\/toplavanderia.com\/wp-content\/uploads\/2025\/05\/PROFESIONAL-LAVADORA.jpg\" class=\"attachment-large size-large wp-image-1971\" alt=\"\" srcset=\"https:\/\/toplavanderia.com\/wp-content\/uploads\/2025\/05\/PROFESIONAL-LAVADORA.jpg 529w, https:\/\/toplavanderia.com\/wp-content\/uploads\/2025\/05\/PROFESIONAL-LAVADORA-261x300.jpg 261w\" sizes=\"(max-width: 529px) 100vw, 529px\" \/>\t\t\t\t\t\t\t\t\t\t\t\t\t\t\t<\/div>\n\t\t\t\t<\/div>\n\t\t\t\t<\/div>\n\t\t<div class=\"elementor-element elementor-element-8d1c8d8 e-con-full e-flex e-con e-child\" data-id=\"8d1c8d8\" data-element_type=\"container\" data-settings=\"{&quot;background_background&quot;:&quot;classic&quot;}\">\n\t\t\t\t<div class=\"elementor-element elementor-element-9cc57af elementor-widget elementor-widget-heading\" data-id=\"9cc57af\" data-element_type=\"widget\" data-widget_type=\"heading.default\">\n\t\t\t\t<div class=\"elementor-widget-container\">\n\t\t\t\t\t<h2 class=\"elementor-heading-title elementor-size-default\"><a href=\"\/ca\/rentadores\/\">Rentadores<\/a><\/h2>\t\t\t\t<\/div>\n\t\t\t\t<\/div>\n\t\t\t\t<div class=\"elementor-element elementor-element-b924c15 elementor-widget elementor-widget-text-editor\" data-id=\"b924c15\" data-element_type=\"widget\" data-widget_type=\"text-editor.default\">\n\t\t\t\t<div class=\"elementor-widget-container\">\n\t\t\t\t\t\t\t\t\t<p>Les <strong>rentadores professionals<\/strong> s\u00f3n semiindustrials, \u00e9s a dir, ideals per a petits negocis amb baixa producci\u00f3. En canvi, les <strong>rentadores industrials d\u2019alta velocitat<\/strong> s\u00f3n rentadores d\u2019alt rendiment, ideals per a bugaderies professionals, o tamb\u00e9 per a <strong>bugaderies autoservei<\/strong> si s\u2019hi afegeix un kit moneder o es connecten a una central de pagament. Tamb\u00e9 trobar\u00e0s <strong>rentadores de barrera sanit\u00e0ria<\/strong>, indicades per a negocis o entorns en qu\u00e8 \u00e9s imprescindible a\u00efllar la zona bruta o contaminada de la zona neta, com laboratoris, cl\u00edniques, resid\u00e8ncies, etc.<\/p>\t\t\t\t\t\t\t\t<\/div>\n\t\t\t\t<\/div>\n\t\t\t\t<\/div>\n\t\t\t\t\t<\/div>\n\t\t\t\t<\/div>\n\t\t<div class=\"elementor-element elementor-element-56bde7a e-flex e-con-boxed e-con e-parent\" data-id=\"56bde7a\" data-element_type=\"container\">\n\t\t\t\t\t<div class=\"e-con-inner\">\n\t\t<div class=\"elementor-element elementor-element-21aff49 e-con-full e-flex e-con e-child\" data-id=\"21aff49\" data-element_type=\"container\" data-settings=\"{&quot;background_background&quot;:&quot;classic&quot;}\">\n\t\t\t\t<div class=\"elementor-element elementor-element-658e782 elementor-widget elementor-widget-heading\" data-id=\"658e782\" data-element_type=\"widget\" data-widget_type=\"heading.default\">\n\t\t\t\t<div class=\"elementor-widget-container\">\n\t\t\t\t\t<h2 class=\"elementor-heading-title elementor-size-default\"><a href=\"\/ca\/assecadores\/\">Assecadores<\/a><\/h2>\t\t\t\t<\/div>\n\t\t\t\t<\/div>\n\t\t\t\t<div class=\"elementor-element elementor-element-a04219c elementor-widget elementor-widget-text-editor\" data-id=\"a04219c\" data-element_type=\"widget\" data-widget_type=\"text-editor.default\">\n\t\t\t\t<div class=\"elementor-widget-container\">\n\t\t\t\t\t\t\t\t\t<p>Igual que les rentadores, les assecadores poden ser <strong>assecadores professionals<\/strong>, per a petites produccions, o assecadores industrials, per a altes produccions, serveis de bugaderia o bugaderies autoservei. Amb capacitats de 8 fins a 80 kg, trobar\u00e0s una \u00e0mplia gamma de models per cobrir qualsevol necessitat. A m\u00e9s, les <strong>assecadores industrials<\/strong> estan disponibles en diversos models amb diferents panells de control, des de mec\u00e0nics fins a t\u00e0ctils i programables. Una assecadora industrial pot ser el\u00e8ctrica o de gas.<\/p>\t\t\t\t\t\t\t\t<\/div>\n\t\t\t\t<\/div>\n\t\t\t\t<\/div>\n\t\t<div class=\"elementor-element elementor-element-40f12f0 e-con-full e-flex e-con e-child\" data-id=\"40f12f0\" data-element_type=\"container\">\n\t\t\t\t<div class=\"elementor-element elementor-element-9a3d5af elementor-widget elementor-widget-image\" data-id=\"9a3d5af\" data-element_type=\"widget\" data-widget_type=\"image.default\">\n\t\t\t\t<div class=\"elementor-widget-container\">\n\t\t\t\t\t\t\t\t\t\t\t\t\t\t\t<img decoding=\"async\" width=\"465\" height=\"537\" src=\"https:\/\/toplavanderia.com\/wp-content\/uploads\/2025\/05\/secadoraindustrial.png\" class=\"attachment-large size-large wp-image-2710\" alt=\"\" srcset=\"https:\/\/toplavanderia.com\/wp-content\/uploads\/2025\/05\/secadoraindustrial.png 465w, https:\/\/toplavanderia.com\/wp-content\/uploads\/2025\/05\/secadoraindustrial-260x300.png 260w\" sizes=\"(max-width: 465px) 100vw, 465px\" \/>\t\t\t\t\t\t\t\t\t\t\t\t\t\t\t<\/div>\n\t\t\t\t<\/div>\n\t\t\t\t<\/div>\n\t\t\t\t\t<\/div>\n\t\t\t\t<\/div>\n\t\t<div class=\"elementor-element elementor-element-75234c2 e-flex e-con-boxed e-con e-parent\" data-id=\"75234c2\" data-element_type=\"container\">\n\t\t\t\t\t<div class=\"e-con-inner\">\n\t\t<div class=\"elementor-element elementor-element-019fab1 e-con-full e-flex e-con e-child\" data-id=\"019fab1\" data-element_type=\"container\">\n\t\t\t\t<div class=\"elementor-element elementor-element-7d1eb41 elementor-widget elementor-widget-image\" data-id=\"7d1eb41\" data-element_type=\"widget\" data-widget_type=\"image.default\">\n\t\t\t\t<div class=\"elementor-widget-container\">\n\t\t\t\t\t\t\t\t\t\t\t\t\t\t\t<img decoding=\"async\" width=\"783\" height=\"714\" src=\"https:\/\/toplavanderia.com\/wp-content\/uploads\/2025\/05\/CALANDRA-EXCELLENCE.jpg\" class=\"attachment-large size-large wp-image-2819\" alt=\"\" srcset=\"https:\/\/toplavanderia.com\/wp-content\/uploads\/2025\/05\/CALANDRA-EXCELLENCE.jpg 783w, https:\/\/toplavanderia.com\/wp-content\/uploads\/2025\/05\/CALANDRA-EXCELLENCE-300x274.jpg 300w, https:\/\/toplavanderia.com\/wp-content\/uploads\/2025\/05\/CALANDRA-EXCELLENCE-768x700.jpg 768w\" sizes=\"(max-width: 783px) 100vw, 783px\" \/>\t\t\t\t\t\t\t\t\t\t\t\t\t\t\t<\/div>\n\t\t\t\t<\/div>\n\t\t\t\t<\/div>\n\t\t<div class=\"elementor-element elementor-element-681e462 e-con-full e-flex e-con e-child\" data-id=\"681e462\" data-element_type=\"container\" data-settings=\"{&quot;background_background&quot;:&quot;classic&quot;}\">\n\t\t\t\t<div class=\"elementor-element elementor-element-83661a5 elementor-widget elementor-widget-heading\" data-id=\"83661a5\" data-element_type=\"widget\" data-widget_type=\"heading.default\">\n\t\t\t\t<div class=\"elementor-widget-container\">\n\t\t\t\t\t<h2 class=\"elementor-heading-title elementor-size-default\"><a href=\"\/ca\/planxat\/\">Planxat<\/a><\/h2>\t\t\t\t<\/div>\n\t\t\t\t<\/div>\n\t\t\t\t<div class=\"elementor-element elementor-element-aaf7a3d elementor-widget elementor-widget-text-editor\" data-id=\"aaf7a3d\" data-element_type=\"widget\" data-widget_type=\"text-editor.default\">\n\t\t\t\t<div class=\"elementor-widget-container\">\n\t\t\t\t\t\t\t\t\t<p>El planxat i l&#8217;acabat de la roba \u00e9s l\u2019\u00faltim esgla\u00f3 en la cadena de la bugaderia. Les m\u00e0quines m\u00e9s senzilles i b\u00e0siques, ideals per a restaurants, llars d\u2019infants o petits hotels rurals, s\u00f3n les <strong>planxadores industrials<\/strong>. En canvi, per a altes produccions o serveis de bugaderia, estan indicades les <strong>calandres industrials<\/strong>, que, a m\u00e9s d\u2019oferir m\u00e9s velocitat i producci\u00f3, admeten la roba plana directament des de la <strong>rentadora d\u2019alta velocitat<\/strong>, cosa que ens permet evitar el pas per l\u2019assecadora industrial.<\/p>\t\t\t\t\t\t\t\t<\/div>\n\t\t\t\t<\/div>\n\t\t\t\t<\/div>\n\t\t\t\t\t<\/div>\n\t\t\t\t<\/div>\n\t\t<div class=\"elementor-element elementor-element-3e1eedb e-flex e-con-boxed e-con e-parent\" data-id=\"3e1eedb\" data-element_type=\"container\">\n\t\t\t\t\t<div class=\"e-con-inner\">\n\t\t<div class=\"elementor-element elementor-element-43381f4 e-con-full e-flex e-con e-child\" data-id=\"43381f4\" data-element_type=\"container\" data-settings=\"{&quot;background_background&quot;:&quot;classic&quot;}\">\n\t\t\t\t<div class=\"elementor-element elementor-element-95fc53d elementor-widget elementor-widget-heading\" data-id=\"95fc53d\" data-element_type=\"widget\" data-widget_type=\"heading.default\">\n\t\t\t\t<div class=\"elementor-widget-container\">\n\t\t\t\t\t<h2 class=\"elementor-heading-title elementor-size-default\"><a href=\"\/ca\/autoservei\/\">Autoservei<\/a><\/h2>\t\t\t\t<\/div>\n\t\t\t\t<\/div>\n\t\t\t\t<div class=\"elementor-element elementor-element-28855ff elementor-widget elementor-widget-text-editor\" data-id=\"28855ff\" data-element_type=\"widget\" data-widget_type=\"text-editor.default\">\n\t\t\t\t<div class=\"elementor-widget-container\">\n\t\t\t\t\t\t\t\t\t<p>Les <strong>bugaderies autoservei<\/strong> estan en auge els darrers anys. Tot i que hi ha una primera inversi\u00f3 important, a partir d\u2019aqu\u00ed tot \u00e9s <strong>rendiment<\/strong>. Amb les noves tecnologies, apps, IoT (Internet de les coses), centrals de pagament i connexi\u00f3 remota, \u00e9s el negoci ideal per <strong>controlar a dist\u00e0ncia<\/strong>. Amb l\u2019app pots veure en remot els cicles, el rendiment de cada m\u00e0quina, els consums, etc. Si est\u00e0s interessat a obtenir un <strong>pressupost ajustat<\/strong> al teu local, no ho dubtis i posa\u2019t en contacte amb nosaltres per poder estudiar la millor opci\u00f3.<\/p>\t\t\t\t\t\t\t\t<\/div>\n\t\t\t\t<\/div>\n\t\t\t\t<\/div>\n\t\t<div class=\"elementor-element elementor-element-bb9c380 e-con-full e-flex e-con e-child\" data-id=\"bb9c380\" data-element_type=\"container\">\n\t\t\t\t<div class=\"elementor-element elementor-element-01e7ef2 elementor-widget elementor-widget-image\" data-id=\"01e7ef2\" data-element_type=\"widget\" data-widget_type=\"image.default\">\n\t\t\t\t<div class=\"elementor-widget-container\">\n\t\t\t\t\t\t\t\t\t\t\t\t\t\t\t<img loading=\"lazy\" decoding=\"async\" width=\"469\" height=\"700\" src=\"https:\/\/toplavanderia.com\/wp-content\/uploads\/2025\/05\/Low_LP-8-10_TOUCH_LAT_COIN-1-e1749732324592.png\" class=\"attachment-large size-large wp-image-2109\" alt=\"\" srcset=\"https:\/\/toplavanderia.com\/wp-content\/uploads\/2025\/05\/Low_LP-8-10_TOUCH_LAT_COIN-1-e1749732324592.png 469w, https:\/\/toplavanderia.com\/wp-content\/uploads\/2025\/05\/Low_LP-8-10_TOUCH_LAT_COIN-1-e1749732324592-201x300.png 201w\" sizes=\"(max-width: 469px) 100vw, 469px\" \/>\t\t\t\t\t\t\t\t\t\t\t\t\t\t\t<\/div>\n\t\t\t\t<\/div>\n\t\t\t\t<\/div>\n\t\t\t\t\t<\/div>\n\t\t\t\t<\/div>\n\t\t\t\t<\/div>\n\t\t","protected":false},"excerpt":{"rendered":"<p>TOP LAVANDERIA Rentadores Les rentadores professionals s\u00f3n semiindustrials, \u00e9s a dir, ideals per a petits negocis amb baixa producci\u00f3. En canvi, les rentadores industrials d\u2019alta velocitat s\u00f3n rentadores d\u2019alt rendiment, ideals per a bugaderies professionals, o tamb\u00e9 per a bugaderies autoservei si s\u2019hi afegeix un kit moneder o es connecten a una central de pagament. [&hellip;]<\/p>\n","protected":false},"author":1,"featured_media":0,"parent":0,"menu_order":0,"comment_status":"closed","ping_status":"closed","template":"","meta":{"_acf_changed":false,"footnotes":""},"class_list":["post-2286","page","type-page","status-publish","hentry"],"acf":[],"_links":{"self":[{"href":"https:\/\/toplavanderia.com\/ca\/wp-json\/wp\/v2\/pages\/2286","targetHints":{"allow":["GET"]}}],"collection":[{"href":"https:\/\/toplavanderia.com\/ca\/wp-json\/wp\/v2\/pages"}],"about":[{"href":"https:\/\/toplavanderia.com\/ca\/wp-json\/wp\/v2\/types\/page"}],"author":[{"embeddable":true,"href":"https:\/\/toplavanderia.com\/ca\/wp-json\/wp\/v2\/users\/1"}],"replies":[{"embeddable":true,"href":"https:\/\/toplavanderia.com\/ca\/wp-json\/wp\/v2\/comments?post=2286"}],"version-history":[{"count":58,"href":"https:\/\/toplavanderia.com\/ca\/wp-json\/wp\/v2\/pages\/2286\/revisions"}],"predecessor-version":[{"id":3715,"href":"https:\/\/toplavanderia.com\/ca\/wp-json\/wp\/v2\/pages\/2286\/revisions\/3715"}],"wp:attachment":[{"href":"https:\/\/toplavanderia.com\/ca\/wp-json\/wp\/v2\/media?parent=2286"}],"curies":[{"name":"wp","href":"https:\/\/api.w.org\/{rel}","templated":true}]}}