{"id":2297,"date":"2025-05-27T11:18:29","date_gmt":"2025-05-27T09:18:29","guid":{"rendered":"https:\/\/toplavanderia.com\/?page_id=2297"},"modified":"2025-12-22T17:45:11","modified_gmt":"2025-12-22T16:45:11","slug":"qui-som","status":"publish","type":"page","link":"https:\/\/toplavanderia.com\/ca\/qui-som\/","title":{"rendered":"Qui Som"},"content":{"rendered":"\t\t<div data-elementor-type=\"wp-post\" data-elementor-id=\"2297\" class=\"elementor elementor-2297 elementor-7\" data-elementor-post-type=\"page\">\n\t\t\t\t<div class=\"elementor-element elementor-element-5026e83 e-flex e-con-boxed e-con e-parent\" data-id=\"5026e83\" data-element_type=\"container\" data-settings=\"{&quot;background_background&quot;:&quot;classic&quot;,&quot;shape_divider_bottom&quot;:&quot;wave-brush&quot;}\">\n\t\t\t\t\t<div class=\"e-con-inner\">\n\t\t\t\t<div class=\"elementor-shape elementor-shape-bottom\" aria-hidden=\"true\" data-negative=\"false\">\n\t\t\t<svg xmlns=\"http:\/\/www.w3.org\/2000\/svg\" viewBox=\"0 0 283.5 27.8\" preserveAspectRatio=\"none\">\n\t<path class=\"elementor-shape-fill\" d=\"M283.5,9.7c0,0-7.3,4.3-14,4.6c-6.8,0.3-12.6,0-20.9-1.5c-11.3-2-33.1-10.1-44.7-5.7\ts-12.1,4.6-18,7.4c-6.6,3.2-20,9.6-36.6,9.3C131.6,23.5,99.5,7.2,86.3,8c-1.4,0.1-6.6,0.8-10.5,2c-3.8,1.2-9.4,3.8-17,4.7\tc-3.2,0.4-8.3,1.1-14.2,0.9c-1.5-0.1-6.3-0.4-12-1.6c-5.7-1.2-11-3.1-15.8-3.7C6.5,9.2,0,10.8,0,10.8V0h283.5V9.7z M260.8,11.3\tc-0.7-1-2-0.4-4.3-0.4c-2.3,0-6.1-1.2-5.8-1.1c0.3,0.1,3.1,1.5,6,1.9C259.7,12.2,261.4,12.3,260.8,11.3z M242.4,8.6\tc0,0-2.4-0.2-5.6-0.9c-3.2-0.8-10.3-2.8-15.1-3.5c-8.2-1.1-15.8,0-15.1,0.1c0.8,0.1,9.6-0.6,17.6,1.1c3.3,0.7,9.3,2.2,12.4,2.7\tC239.9,8.7,242.4,8.6,242.4,8.6z M185.2,8.5c1.7-0.7-13.3,4.7-18.5,6.1c-2.1,0.6-6.2,1.6-10,2c-3.9,0.4-8.9,0.4-8.8,0.5\tc0,0.2,5.8,0.8,11.2,0c5.4-0.8,5.2-1.1,7.6-1.6C170.5,14.7,183.5,9.2,185.2,8.5z M199.1,6.9c0.2,0-0.8-0.4-4.8,1.1\tc-4,1.5-6.7,3.5-6.9,3.7c-0.2,0.1,3.5-1.8,6.6-3C197,7.5,199,6.9,199.1,6.9z M283,6c-0.1,0.1-1.9,1.1-4.8,2.5s-6.9,2.8-6.7,2.7\tc0.2,0,3.5-0.6,7.4-2.5C282.8,6.8,283.1,5.9,283,6z M31.3,11.6c0.1-0.2-1.9-0.2-4.5-1.2s-5.4-1.6-7.8-2C15,7.6,7.3,8.5,7.7,8.6\tC8,8.7,15.9,8.3,20.2,9.3c2.2,0.5,2.4,0.5,5.7,1.6S31.2,11.9,31.3,11.6z M73,9.2c0.4-0.1,3.5-1.6,8.4-2.6c4.9-1.1,8.9-0.5,8.9-0.8\tc0-0.3-1-0.9-6.2-0.3S72.6,9.3,73,9.2z M71.6,6.7C71.8,6.8,75,5.4,77.3,5c2.3-0.3,1.9-0.5,1.9-0.6c0-0.1-1.1-0.2-2.7,0.2\tC74.8,5.1,71.4,6.6,71.6,6.7z M93.6,4.4c0.1,0.2,3.5,0.8,5.6,1.8c2.1,1,1.8,0.6,1.9,0.5c0.1-0.1-0.8-0.8-2.4-1.3\tC97.1,4.8,93.5,4.2,93.6,4.4z M65.4,11.1c-0.1,0.3,0.3,0.5,1.9-0.2s2.6-1.3,2.2-1.2s-0.9,0.4-2.5,0.8C65.3,10.9,65.5,10.8,65.4,11.1\tz M34.5,12.4c-0.2,0,2.1,0.8,3.3,0.9c1.2,0.1,2,0.1,2-0.2c0-0.3-0.1-0.5-1.6-0.4C36.6,12.8,34.7,12.4,34.5,12.4z M152.2,21.1\tc-0.1,0.1-2.4-0.3-7.5-0.3c-5,0-13.6-2.4-17.2-3.5c-3.6-1.1,10,3.9,16.5,4.1C150.5,21.6,152.3,21,152.2,21.1z\"\/>\n\t<path class=\"elementor-shape-fill\" d=\"M269.6,18c-0.1-0.1-4.6,0.3-7.2,0c-7.3-0.7-17-3.2-16.6-2.9c0.4,0.3,13.7,3.1,17,3.3\tC267.7,18.8,269.7,18,269.6,18z\"\/>\n\t<path class=\"elementor-shape-fill\" d=\"M227.4,9.8c-0.2-0.1-4.5-1-9.5-1.2c-5-0.2-12.7,0.6-12.3,0.5c0.3-0.1,5.9-1.8,13.3-1.2\tS227.6,9.9,227.4,9.8z\"\/>\n\t<path class=\"elementor-shape-fill\" d=\"M204.5,13.4c-0.1-0.1,2-1,3.2-1.1c1.2-0.1,2,0,2,0.3c0,0.3-0.1,0.5-1.6,0.4\tC206.4,12.9,204.6,13.5,204.5,13.4z\"\/>\n\t<path class=\"elementor-shape-fill\" d=\"M201,10.6c0-0.1-4.4,1.2-6.3,2.2c-1.9,0.9-6.2,3.1-6.1,3.1c0.1,0.1,4.2-1.6,6.3-2.6\tS201,10.7,201,10.6z\"\/>\n\t<path class=\"elementor-shape-fill\" d=\"M154.5,26.7c-0.1-0.1-4.6,0.3-7.2,0c-7.3-0.7-17-3.2-16.6-2.9c0.4,0.3,13.7,3.1,17,3.3\tC152.6,27.5,154.6,26.8,154.5,26.7z\"\/>\n\t<path class=\"elementor-shape-fill\" d=\"M41.9,19.3c0,0,1.2-0.3,2.9-0.1c1.7,0.2,5.8,0.9,8.2,0.7c4.2-0.4,7.4-2.7,7-2.6\tc-0.4,0-4.3,2.2-8.6,1.9c-1.8-0.1-5.1-0.5-6.7-0.4S41.9,19.3,41.9,19.3z\"\/>\n\t<path class=\"elementor-shape-fill\" d=\"M75.5,12.6c0.2,0.1,2-0.8,4.3-1.1c2.3-0.2,2.1-0.3,2.1-0.5c0-0.1-1.8-0.4-3.4,0\tC76.9,11.5,75.3,12.5,75.5,12.6z\"\/>\n\t<path class=\"elementor-shape-fill\" d=\"M15.6,13.2c0-0.1,4.3,0,6.7,0.5c2.4,0.5,5,1.9,5,2c0,0.1-2.7-0.8-5.1-1.4\tC19.9,13.7,15.7,13.3,15.6,13.2z\"\/>\n<\/svg>\t\t<\/div>\n\t\t<div class=\"elementor-element elementor-element-fdbbca9 e-con-full e-flex e-con e-child\" data-id=\"fdbbca9\" data-element_type=\"container\">\n\t\t\t\t<div class=\"elementor-element elementor-element-224d311 elementor-widget elementor-widget-heading\" data-id=\"224d311\" data-element_type=\"widget\" data-widget_type=\"heading.default\">\n\t\t\t\t<div class=\"elementor-widget-container\">\n\t\t\t\t\t<h2 class=\"elementor-heading-title elementor-size-default\">Qui Som<\/h2>\t\t\t\t<\/div>\n\t\t\t\t<\/div>\n\t\t\t\t<\/div>\n\t\t\t\t\t<\/div>\n\t\t\t\t<\/div>\n\t\t<div class=\"elementor-element elementor-element-126ff44 e-flex e-con-boxed e-con e-parent\" data-id=\"126ff44\" data-element_type=\"container\">\n\t\t\t\t\t<div class=\"e-con-inner\">\n\t\t<div class=\"elementor-element elementor-element-f4f36a9 e-con-full e-flex e-con e-child\" data-id=\"f4f36a9\" data-element_type=\"container\">\n\t\t\t\t<div class=\"elementor-element elementor-element-51318b6 elementor-widget elementor-widget-image\" data-id=\"51318b6\" data-element_type=\"widget\" data-widget_type=\"image.default\">\n\t\t\t\t<div class=\"elementor-widget-container\">\n\t\t\t\t\t\t\t\t\t\t\t\t\t\t\t<img fetchpriority=\"high\" decoding=\"async\" width=\"800\" height=\"532\" src=\"https:\/\/toplavanderia.com\/wp-content\/uploads\/2025\/05\/BOMBOLLES.jpg\" class=\"attachment-large size-large wp-image-2020\" alt=\"\" srcset=\"https:\/\/toplavanderia.com\/wp-content\/uploads\/2025\/05\/BOMBOLLES.jpg 939w, https:\/\/toplavanderia.com\/wp-content\/uploads\/2025\/05\/BOMBOLLES-300x199.jpg 300w, https:\/\/toplavanderia.com\/wp-content\/uploads\/2025\/05\/BOMBOLLES-768x510.jpg 768w\" sizes=\"(max-width: 800px) 100vw, 800px\" \/>\t\t\t\t\t\t\t\t\t\t\t\t\t\t\t<\/div>\n\t\t\t\t<\/div>\n\t\t\t\t<\/div>\n\t\t<div class=\"elementor-element elementor-element-a85ab01 e-con-full e-flex e-con e-child\" data-id=\"a85ab01\" data-element_type=\"container\" data-settings=\"{&quot;background_background&quot;:&quot;classic&quot;}\">\n\t\t\t\t<div class=\"elementor-element elementor-element-99cf4ec elementor-widget elementor-widget-heading\" data-id=\"99cf4ec\" data-element_type=\"widget\" data-widget_type=\"heading.default\">\n\t\t\t\t<div class=\"elementor-widget-container\">\n\t\t\t\t\t<h2 class=\"elementor-heading-title elementor-size-default\">Toplavanderia<\/h2>\t\t\t\t<\/div>\n\t\t\t\t<\/div>\n\t\t\t\t<div class=\"elementor-element elementor-element-005cc86 elementor-widget elementor-widget-text-editor\" data-id=\"005cc86\" data-element_type=\"widget\" data-widget_type=\"text-editor.default\">\n\t\t\t\t<div class=\"elementor-widget-container\">\n\t\t\t\t\t\t\t\t\t<p>Toplavanderia forma part del grup <a href=\"https:\/\/www.tophosteleria.com\/ca\/\"><strong>Tophosteleria.com<\/strong><\/a>, i som especialistes en el sector de la <strong>maquin\u00e0ria de bugaderia industrial i professional<\/strong>. El nostre prop\u00f2sit \u00e9s oferir informaci\u00f3 rigorosa, clara i pr\u00e0ctica sobre tot all\u00f2 relacionat amb el m\u00f3n de la bugaderia: rentadores industrials, assecadores professionals, calandres, planxadores, rentadores de barrera sanit\u00e0ria, sistemes de pagament i solucions d\u2019estalvi d\u2019aigua i energia. <br \/><br \/>Sabem que invertir en maquin\u00e0ria de bugaderia \u00e9s una decisi\u00f3 important per a qualsevol negoci, i per aix\u00f2 treballem perqu\u00e8 trobis aqu\u00ed una guia completa que t\u2019ajudi a entendre les caracter\u00edstiques, avantatges i difer\u00e8ncies de cada tipus d\u2019equip abans de fer el pas. La nostra experi\u00e8ncia neix d\u2019anys de col\u00b7laboraci\u00f3 amb <strong>Primer<\/strong>, un dels principals<strong> fabricants i distribu\u00efdors de maquin\u00e0ria de bugaderia<\/strong>, que a m\u00e9s ofereix la instal\u00b7laci\u00f3 i posada en marxa de la maquin\u00e0ria, aix\u00ed com <strong>un any de garantia total<\/strong>. Per aquest motiu, treballem exclusivament amb ells.<\/p>\t\t\t\t\t\t\t\t<\/div>\n\t\t\t\t<\/div>\n\t\t\t\t<div class=\"elementor-element elementor-element-f0c96ed elementor-mobile-align-justify elementor-widget elementor-widget-button\" data-id=\"f0c96ed\" data-element_type=\"widget\" data-widget_type=\"button.default\">\n\t\t\t\t<div class=\"elementor-widget-container\">\n\t\t\t\t\t\t\t\t\t<div class=\"elementor-button-wrapper\">\n\t\t\t\t\t<a class=\"elementor-button elementor-button-link elementor-size-sm\" href=\"\/ca\/contacte\/\">\n\t\t\t\t\t\t<span class=\"elementor-button-content-wrapper\">\n\t\t\t\t\t\t\t\t\t<span class=\"elementor-button-text\">Contactar<\/span>\n\t\t\t\t\t<\/span>\n\t\t\t\t\t<\/a>\n\t\t\t\t<\/div>\n\t\t\t\t\t\t\t\t<\/div>\n\t\t\t\t<\/div>\n\t\t\t\t<\/div>\n\t\t\t\t\t<\/div>\n\t\t\t\t<\/div>\n\t\t<div class=\"elementor-element elementor-element-7ff720f e-flex e-con-boxed e-con e-parent\" data-id=\"7ff720f\" data-element_type=\"container\">\n\t\t\t\t\t<div class=\"e-con-inner\">\n\t\t<div class=\"elementor-element elementor-element-ebc9f2c e-con-full e-flex e-con e-child\" data-id=\"ebc9f2c\" data-element_type=\"container\" data-settings=\"{&quot;background_background&quot;:&quot;classic&quot;}\">\n\t\t\t\t<div class=\"elementor-element elementor-element-12fbb90 elementor-widget elementor-widget-heading\" data-id=\"12fbb90\" data-element_type=\"widget\" data-widget_type=\"heading.default\">\n\t\t\t\t<div class=\"elementor-widget-container\">\n\t\t\t\t\t<h2 class=\"elementor-heading-title elementor-size-default\">Experi\u00e8ncia<\/h2>\t\t\t\t<\/div>\n\t\t\t\t<\/div>\n\t\t\t\t<div class=\"elementor-element elementor-element-a92eeaa elementor-widget elementor-widget-text-editor\" data-id=\"a92eeaa\" data-element_type=\"widget\" data-widget_type=\"text-editor.default\">\n\t\t\t\t<div class=\"elementor-widget-container\">\n\t\t\t\t\t\t\t\t\t<p>La nostra experi\u00e8ncia en el sector hostaler ens permet oferir una visi\u00f3 global de les necessitats reals de cada tipus de client: des de <strong>bugaderies d\u2019autoservei<\/strong>, hotels i resid\u00e8ncies, fins a gimnasos, hospitals o petites empreses que volen gestionar la seva pr\u00f2pia bugada. A <strong>Toplavanderia<\/strong> creiem que la informaci\u00f3 t\u00e8cnica ha de ser accessible, \u00fatil i orientada a la presa de decisions. <br \/><br \/>Per aix\u00f2, m\u00e9s que vendre productes, compartim coneixement. Analitzem tend\u00e8ncies, expliquem tecnologies com la <strong>IoT<\/strong> aplicada a la bugaderia industrial o els sistemes <strong>Save Tank<\/strong> de recuperaci\u00f3 d\u2019aigua, i ajudem els nostres visitants a escollir sempre la soluci\u00f3 m\u00e9s eficient i rendible per al seu espai i volum de treball.<\/p>\t\t\t\t\t\t\t\t<\/div>\n\t\t\t\t<\/div>\n\t\t\t\t<\/div>\n\t\t<div class=\"elementor-element elementor-element-fcd5748 e-con-full e-flex e-con e-child\" data-id=\"fcd5748\" data-element_type=\"container\">\n\t\t\t\t<div class=\"elementor-element elementor-element-7b4bc65 elementor-widget elementor-widget-image\" data-id=\"7b4bc65\" data-element_type=\"widget\" data-widget_type=\"image.default\">\n\t\t\t\t<div class=\"elementor-widget-container\">\n\t\t\t\t\t\t\t\t\t\t\t\t\t\t\t<img decoding=\"async\" width=\"731\" height=\"1024\" src=\"https:\/\/toplavanderia.com\/wp-content\/uploads\/2025\/05\/ROPA-PLANCHADA-MANOS-731x1024.jpg\" class=\"attachment-large size-large wp-image-2940\" alt=\"\" srcset=\"https:\/\/toplavanderia.com\/wp-content\/uploads\/2025\/05\/ROPA-PLANCHADA-MANOS-731x1024.jpg 731w, https:\/\/toplavanderia.com\/wp-content\/uploads\/2025\/05\/ROPA-PLANCHADA-MANOS-214x300.jpg 214w, https:\/\/toplavanderia.com\/wp-content\/uploads\/2025\/05\/ROPA-PLANCHADA-MANOS-768x1076.jpg 768w, https:\/\/toplavanderia.com\/wp-content\/uploads\/2025\/05\/ROPA-PLANCHADA-MANOS-1096x1536.jpg 1096w, https:\/\/toplavanderia.com\/wp-content\/uploads\/2025\/05\/ROPA-PLANCHADA-MANOS.jpg 1242w\" sizes=\"(max-width: 731px) 100vw, 731px\" \/>\t\t\t\t\t\t\t\t\t\t\t\t\t\t\t<\/div>\n\t\t\t\t<\/div>\n\t\t\t\t<\/div>\n\t\t\t\t\t<\/div>\n\t\t\t\t<\/div>\n\t\t<div class=\"elementor-element elementor-element-65f04c1 e-flex e-con-boxed e-con e-parent\" data-id=\"65f04c1\" data-element_type=\"container\">\n\t\t\t\t\t<div class=\"e-con-inner\">\n\t\t<div class=\"elementor-element elementor-element-198764d e-con-full e-flex e-con e-child\" data-id=\"198764d\" data-element_type=\"container\">\n\t\t\t\t<div class=\"elementor-element elementor-element-a222a9b elementor-widget elementor-widget-image\" data-id=\"a222a9b\" data-element_type=\"widget\" data-widget_type=\"image.default\">\n\t\t\t\t<div class=\"elementor-widget-container\">\n\t\t\t\t\t\t\t\t\t\t\t\t\t\t\t<img decoding=\"async\" width=\"800\" height=\"534\" src=\"https:\/\/toplavanderia.com\/wp-content\/uploads\/2025\/06\/contact-1024x684.jpg\" class=\"attachment-large size-large wp-image-2278\" alt=\"\" srcset=\"https:\/\/toplavanderia.com\/wp-content\/uploads\/2025\/06\/contact-1024x684.jpg 1024w, https:\/\/toplavanderia.com\/wp-content\/uploads\/2025\/06\/contact-300x200.jpg 300w, https:\/\/toplavanderia.com\/wp-content\/uploads\/2025\/06\/contact-768x513.jpg 768w, https:\/\/toplavanderia.com\/wp-content\/uploads\/2025\/06\/contact-1536x1025.jpg 1536w, https:\/\/toplavanderia.com\/wp-content\/uploads\/2025\/06\/contact.jpg 1919w\" sizes=\"(max-width: 800px) 100vw, 800px\" \/>\t\t\t\t\t\t\t\t\t\t\t\t\t\t\t<\/div>\n\t\t\t\t<\/div>\n\t\t\t\t<\/div>\n\t\t<div class=\"elementor-element elementor-element-8847ce6 e-con-full e-flex e-con e-child\" data-id=\"8847ce6\" data-element_type=\"container\" data-settings=\"{&quot;background_background&quot;:&quot;classic&quot;}\">\n\t\t\t\t<div class=\"elementor-element elementor-element-0c99984 elementor-widget elementor-widget-heading\" data-id=\"0c99984\" data-element_type=\"widget\" data-widget_type=\"heading.default\">\n\t\t\t\t<div class=\"elementor-widget-container\">\n\t\t\t\t\t<h2 class=\"elementor-heading-title elementor-size-default\">Comprom\u00eds<\/h2>\t\t\t\t<\/div>\n\t\t\t\t<\/div>\n\t\t\t\t<div class=\"elementor-element elementor-element-ddd602b elementor-widget elementor-widget-text-editor\" data-id=\"ddd602b\" data-element_type=\"widget\" data-widget_type=\"text-editor.default\">\n\t\t\t\t<div class=\"elementor-widget-container\">\n\t\t\t\t\t\t\t\t\t<p>El nostre comprom\u00eds \u00e9s oferir continguts actualitzats, comparatives entre gammes professionals, consells de manteniment i recomanacions reals basades en l\u2019\u00fas diari de la maquin\u00e0ria. Volem que aquest espai sigui una refer\u00e8ncia per a aquells que busquen <strong>optimitzar els seus processos de rentat, planxat i assecat<\/strong>, i per a qui desitja con\u00e8ixer com les noves tecnologies poden millorar la sostenibilitat i l\u2019efici\u00e8ncia energ\u00e8tica del seu negoci. <br \/><br \/>En resum, <strong>Toplavanderia<\/strong> neix amb una missi\u00f3 clara: ser el punt de trobada entre la informaci\u00f3 t\u00e8cnica i l\u2019experi\u00e8ncia pr\u00e0ctica del sector de la bugaderia professional. Des d\u2019aqu\u00ed acompanyem empresaris, t\u00e8cnics i emprenedors que volen crear o modernitzar la seva bugaderia amb coneixement, confian\u00e7a i visi\u00f3 de futur.<\/p>\t\t\t\t\t\t\t\t<\/div>\n\t\t\t\t<\/div>\n\t\t\t\t<div class=\"elementor-element elementor-element-186a559 elementor-mobile-align-justify elementor-widget elementor-widget-button\" data-id=\"186a559\" data-element_type=\"widget\" data-widget_type=\"button.default\">\n\t\t\t\t<div class=\"elementor-widget-container\">\n\t\t\t\t\t\t\t\t\t<div class=\"elementor-button-wrapper\">\n\t\t\t\t\t<a class=\"elementor-button elementor-button-link elementor-size-sm\" href=\"\/ca\/contacte\/\">\n\t\t\t\t\t\t<span class=\"elementor-button-content-wrapper\">\n\t\t\t\t\t\t\t\t\t<span class=\"elementor-button-text\">Contactar<\/span>\n\t\t\t\t\t<\/span>\n\t\t\t\t\t<\/a>\n\t\t\t\t<\/div>\n\t\t\t\t\t\t\t\t<\/div>\n\t\t\t\t<\/div>\n\t\t\t\t<\/div>\n\t\t\t\t\t<\/div>\n\t\t\t\t<\/div>\n\t\t\t\t<\/div>\n\t\t","protected":false},"excerpt":{"rendered":"<p>Qui Som Toplavanderia Toplavanderia forma part del grup Tophosteleria.com, i som especialistes en el sector de la maquin\u00e0ria de bugaderia industrial i professional. El nostre prop\u00f2sit \u00e9s oferir informaci\u00f3 rigorosa, clara i pr\u00e0ctica sobre tot all\u00f2 relacionat amb el m\u00f3n de la bugaderia: rentadores industrials, assecadores professionals, calandres, planxadores, rentadores de barrera sanit\u00e0ria, sistemes de [&hellip;]<\/p>\n","protected":false},"author":1,"featured_media":0,"parent":0,"menu_order":0,"comment_status":"closed","ping_status":"closed","template":"","meta":{"_acf_changed":false,"footnotes":""},"class_list":["post-2297","page","type-page","status-publish","hentry"],"acf":[],"_links":{"self":[{"href":"https:\/\/toplavanderia.com\/ca\/wp-json\/wp\/v2\/pages\/2297","targetHints":{"allow":["GET"]}}],"collection":[{"href":"https:\/\/toplavanderia.com\/ca\/wp-json\/wp\/v2\/pages"}],"about":[{"href":"https:\/\/toplavanderia.com\/ca\/wp-json\/wp\/v2\/types\/page"}],"author":[{"embeddable":true,"href":"https:\/\/toplavanderia.com\/ca\/wp-json\/wp\/v2\/users\/1"}],"replies":[{"embeddable":true,"href":"https:\/\/toplavanderia.com\/ca\/wp-json\/wp\/v2\/comments?post=2297"}],"version-history":[{"count":16,"href":"https:\/\/toplavanderia.com\/ca\/wp-json\/wp\/v2\/pages\/2297\/revisions"}],"predecessor-version":[{"id":3331,"href":"https:\/\/toplavanderia.com\/ca\/wp-json\/wp\/v2\/pages\/2297\/revisions\/3331"}],"wp:attachment":[{"href":"https:\/\/toplavanderia.com\/ca\/wp-json\/wp\/v2\/media?parent=2297"}],"curies":[{"name":"wp","href":"https:\/\/api.w.org\/{rel}","templated":true}]}}